{"id":18,"date":"2024-10-01T09:41:33","date_gmt":"2024-10-01T09:41:33","guid":{"rendered":"https:\/\/barmadariaga.rkinformatika.online\/?page_id=18"},"modified":"2025-02-24T15:36:17","modified_gmt":"2025-02-24T15:36:17","slug":"productos","status":"publish","type":"page","link":"https:\/\/barpaopa.es\/eu\/productos\/","title":{"rendered":"Produktuak"},"content":{"rendered":"<div data-elementor-type=\"wp-page\" data-elementor-id=\"18\" class=\"elementor elementor-18\" data-elementor-post-type=\"page\">\n\t\t\t\t<div class=\"elementor-element elementor-element-8fab755 e-flex e-con-boxed e-con e-parent\" data-id=\"8fab755\" data-element_type=\"container\" data-e-type=\"container\">\n\t\t\t\t\t<div class=\"e-con-inner\">\n\t\t\t\t\t<\/div>\n\t\t\t\t<\/div>\n\t\t\t\t<section class=\"elementor-section elementor-top-section elementor-element elementor-element-65c428ca elementor-section-boxed elementor-section-height-default elementor-section-height-default\" data-id=\"65c428ca\" data-element_type=\"section\" data-e-type=\"section\" data-settings=\"{&quot;background_background&quot;:&quot;classic&quot;}\">\n\t\t\t\t\t\t\t<div class=\"elementor-background-overlay\"><\/div>\n\t\t\t\t\t\t\t<div class=\"elementor-container elementor-column-gap-default\">\n\t\t\t\t\t<div class=\"elementor-column elementor-col-100 elementor-top-column elementor-element elementor-element-1c5c90b3\" data-id=\"1c5c90b3\" data-element_type=\"column\" data-e-type=\"column\">\n\t\t\t<div class=\"elementor-widget-wrap elementor-element-populated\">\n\t\t\t\t\t\t<section class=\"elementor-section elementor-inner-section elementor-element elementor-element-a4089f0 elementor-section-boxed elementor-section-height-default elementor-section-height-default elementor-invisible\" data-id=\"a4089f0\" data-element_type=\"section\" data-e-type=\"section\" data-settings=\"{&quot;animation&quot;:&quot;fadeIn&quot;,&quot;animation_delay&quot;:200}\">\n\t\t\t\t\t\t<div class=\"elementor-container elementor-column-gap-default\">\n\t\t\t\t\t<div class=\"elementor-column elementor-col-50 elementor-inner-column elementor-element elementor-element-847cb27 elementor-invisible\" data-id=\"847cb27\" data-element_type=\"column\" data-e-type=\"column\" data-settings=\"{&quot;background_background&quot;:&quot;classic&quot;,&quot;animation&quot;:&quot;fadeInUp&quot;,&quot;animation_delay&quot;:200}\">\n\t\t\t<div class=\"elementor-widget-wrap elementor-element-populated\">\n\t\t\t\t\t<div class=\"elementor-background-overlay\"><\/div>\n\t\t\t\t\t\t<div class=\"elementor-element elementor-element-ff68348 elementor-widget__width-initial elementor-widget elementor-widget-image-carousel\" data-id=\"ff68348\" data-element_type=\"widget\" data-e-type=\"widget\" data-settings=\"{&quot;slides_to_show&quot;:&quot;1&quot;,&quot;navigation&quot;:&quot;none&quot;,&quot;autoplay_speed&quot;:6000,&quot;autoplay&quot;:&quot;yes&quot;,&quot;pause_on_hover&quot;:&quot;yes&quot;,&quot;pause_on_interaction&quot;:&quot;yes&quot;,&quot;infinite&quot;:&quot;yes&quot;,&quot;effect&quot;:&quot;slide&quot;,&quot;speed&quot;:500}\" data-widget_type=\"image-carousel.default\">\n\t\t\t\t<div class=\"elementor-widget-container\">\n\t\t\t\t\t\t\t<div class=\"elementor-image-carousel-wrapper swiper\" role=\"region\" aria-roledescription=\"carousel\" aria-label=\"Carrusel de im\u00e1genes\" dir=\"ltr\">\n\t\t\t<div class=\"elementor-image-carousel swiper-wrapper\" aria-live=\"off\">\n\t\t\t\t\t\t\t\t<div class=\"swiper-slide\" role=\"group\" aria-roledescription=\"slide\" aria-label=\"1 de 5\"><figure class=\"swiper-slide-inner\"><img decoding=\"async\" class=\"swiper-slide-image\" src=\"https:\/\/barpaopa.es\/wp-content\/uploads\/2025\/02\/3.png\" alt=\"3\" \/><\/figure><\/div><div class=\"swiper-slide\" role=\"group\" aria-roledescription=\"slide\" aria-label=\"2 de 5\"><figure class=\"swiper-slide-inner\"><img decoding=\"async\" class=\"swiper-slide-image\" src=\"https:\/\/barpaopa.es\/wp-content\/uploads\/2025\/02\/2.png\" alt=\"2\" \/><\/figure><\/div><div class=\"swiper-slide\" role=\"group\" aria-roledescription=\"slide\" aria-label=\"3 de 5\"><figure class=\"swiper-slide-inner\"><img decoding=\"async\" class=\"swiper-slide-image\" src=\"https:\/\/barpaopa.es\/wp-content\/uploads\/2025\/02\/1.png\" alt=\"1\" \/><\/figure><\/div><div class=\"swiper-slide\" role=\"group\" aria-roledescription=\"slide\" aria-label=\"4 de 5\"><figure class=\"swiper-slide-inner\"><img decoding=\"async\" class=\"swiper-slide-image\" src=\"https:\/\/barpaopa.es\/wp-content\/uploads\/2025\/02\/WhatsApp-Image-2025-02-18-at-10.36.30.jpeg\" alt=\"\" \/><\/figure><\/div><div class=\"swiper-slide\" role=\"group\" aria-roledescription=\"slide\" aria-label=\"5 de 5\"><figure class=\"swiper-slide-inner\"><img decoding=\"async\" class=\"swiper-slide-image\" src=\"https:\/\/barpaopa.es\/wp-content\/uploads\/2025\/02\/paopa.jpeg\" alt=\"paopa\" \/><\/figure><\/div>\t\t\t<\/div>\n\t\t\t\t\t\t\t\n\t\t\t\t\t\t\t\t\t<\/div>\n\t\t\t\t\t\t<\/div>\n\t\t\t\t<\/div>\n\t\t\t\t<div class=\"elementor-element elementor-element-4f1d7d64 elementor-widget elementor-widget-icon-box\" data-id=\"4f1d7d64\" data-element_type=\"widget\" data-e-type=\"widget\" data-widget_type=\"icon-box.default\">\n\t\t\t\t<div class=\"elementor-widget-container\">\n\t\t\t\t\t\t\t<div class=\"elementor-icon-box-wrapper\">\n\n\t\t\t\n\t\t\t\t\t\t<div class=\"elementor-icon-box-content\">\n\n\t\t\t\t\t\t\t\t\t<h5 class=\"elementor-icon-box-title\">\n\t\t\t\t\t\t<span  >\n\t\t\t\t\t\t\tPinchos\t\t\t\t\t\t<\/span>\n\t\t\t\t\t<\/h5>\n\t\t\t\t\n\t\t\t\t\n\t\t\t<\/div>\n\t\t\t\n\t\t<\/div>\n\t\t\t\t\t\t<\/div>\n\t\t\t\t<\/div>\n\t\t\t\t\t<\/div>\n\t\t<\/div>\n\t\t\t\t<div class=\"elementor-column elementor-col-50 elementor-inner-column elementor-element elementor-element-55c7a0ca elementor-invisible\" data-id=\"55c7a0ca\" data-element_type=\"column\" data-e-type=\"column\" data-settings=\"{&quot;background_background&quot;:&quot;classic&quot;,&quot;animation&quot;:&quot;fadeInUp&quot;,&quot;animation_delay&quot;:200}\">\n\t\t\t<div class=\"elementor-widget-wrap elementor-element-populated\">\n\t\t\t\t\t<div class=\"elementor-background-overlay\"><\/div>\n\t\t\t\t\t\t<div class=\"elementor-element elementor-element-4d6bbb99 elementor-widget elementor-widget-image\" data-id=\"4d6bbb99\" data-element_type=\"widget\" data-e-type=\"widget\" data-widget_type=\"image.default\">\n\t\t\t\t<div class=\"elementor-widget-container\">\n\t\t\t\t\t\t\t\t\t\t\t\t\t\t\t\t<a href=\"https:\/\/barpaopa.es\/wp-content\/uploads\/2024\/11\/Captura-desde-2024-11-29-12-48-37.png\" data-elementor-open-lightbox=\"yes\" data-elementor-lightbox-title=\"Captura desde 2024-11-29 12-48-37\" data-e-action-hash=\"#elementor-action%3Aaction%3Dlightbox%26settings%3DeyJpZCI6MTAxMywidXJsIjoiaHR0cHM6XC9cL2JhcnBhb3BhLmVzXC93cC1jb250ZW50XC91cGxvYWRzXC8yMDI0XC8xMVwvQ2FwdHVyYS1kZXNkZS0yMDI0LTExLTI5LTEyLTQ4LTM3LnBuZyJ9\">\n\t\t\t\t\t\t\t<img decoding=\"async\" src=\"https:\/\/barpaopa.es\/wp-content\/uploads\/elementor\/thumbs\/Captura-desde-2024-11-29-12-48-37-qxrpreuvpw834qly3o87kvdej8sd4aqbd3dtyor3ig.png\" title=\"Captura desde 2024-11-29 12-48-37\" alt=\"Captura desde 2024-11-29 12-48-37\" loading=\"lazy\" \/>\t\t\t\t\t\t\t\t<\/a>\n\t\t\t\t\t\t\t\t\t\t\t\t\t\t\t<\/div>\n\t\t\t\t<\/div>\n\t\t\t\t<div class=\"elementor-element elementor-element-2855902 elementor-widget elementor-widget-icon-box\" data-id=\"2855902\" data-element_type=\"widget\" data-e-type=\"widget\" data-widget_type=\"icon-box.default\">\n\t\t\t\t<div class=\"elementor-widget-container\">\n\t\t\t\t\t\t\t<div class=\"elementor-icon-box-wrapper\">\n\n\t\t\t\n\t\t\t\t\t\t<div class=\"elementor-icon-box-content\">\n\n\t\t\t\t\t\t\t\t\t<h5 class=\"elementor-icon-box-title\">\n\t\t\t\t\t\t<span  >\n\t\t\t\t\t\t\tCervezas\t\t\t\t\t\t<\/span>\n\t\t\t\t\t<\/h5>\n\t\t\t\t\n\t\t\t\t\n\t\t\t<\/div>\n\t\t\t\n\t\t<\/div>\n\t\t\t\t\t\t<\/div>\n\t\t\t\t<\/div>\n\t\t\t\t\t<\/div>\n\t\t<\/div>\n\t\t\t\t\t<\/div>\n\t\t<\/section>\n\t\t\t\t<section class=\"elementor-section elementor-inner-section elementor-element elementor-element-660b1d2 elementor-section-boxed elementor-section-height-default elementor-section-height-default elementor-invisible\" data-id=\"660b1d2\" data-element_type=\"section\" data-e-type=\"section\" data-settings=\"{&quot;animation&quot;:&quot;fadeIn&quot;,&quot;animation_delay&quot;:200}\">\n\t\t\t\t\t\t<div class=\"elementor-container elementor-column-gap-default\">\n\t\t\t\t\t<div class=\"elementor-column elementor-col-50 elementor-inner-column elementor-element elementor-element-26be4b5 elementor-invisible\" data-id=\"26be4b5\" data-element_type=\"column\" data-e-type=\"column\" data-settings=\"{&quot;background_background&quot;:&quot;classic&quot;,&quot;animation&quot;:&quot;fadeInUp&quot;,&quot;animation_delay&quot;:200}\">\n\t\t\t<div class=\"elementor-widget-wrap elementor-element-populated\">\n\t\t\t\t\t<div class=\"elementor-background-overlay\"><\/div>\n\t\t\t\t\t\t<div class=\"elementor-element elementor-element-2e46384 elementor-widget elementor-widget-image\" data-id=\"2e46384\" data-element_type=\"widget\" data-e-type=\"widget\" data-widget_type=\"image.default\">\n\t\t\t\t<div class=\"elementor-widget-container\">\n\t\t\t\t\t\t\t\t\t\t\t\t\t\t\t\t<a href=\"https:\/\/barpaopa.es\/wp-content\/uploads\/2025\/02\/321.jpg\" data-elementor-open-lightbox=\"yes\" data-elementor-lightbox-title=\"321\" data-e-action-hash=\"#elementor-action%3Aaction%3Dlightbox%26settings%3DeyJpZCI6MTE5NSwidXJsIjoiaHR0cHM6XC9cL2JhcnBhb3BhLmVzXC93cC1jb250ZW50XC91cGxvYWRzXC8yMDI1XC8wMlwvMzIxLmpwZyJ9\">\n\t\t\t\t\t\t\t<img decoding=\"async\" src=\"https:\/\/barpaopa.es\/wp-content\/uploads\/elementor\/thumbs\/321-r1ndowwf7x3yrs0q3sojq9hrptpmg50uz57v8g3b0o.jpg\" title=\"321\" alt=\"321\" loading=\"lazy\" \/>\t\t\t\t\t\t\t\t<\/a>\n\t\t\t\t\t\t\t\t\t\t\t\t\t\t\t<\/div>\n\t\t\t\t<\/div>\n\t\t\t\t<div class=\"elementor-element elementor-element-3dab6e6 elementor-widget elementor-widget-icon-box\" data-id=\"3dab6e6\" data-element_type=\"widget\" data-e-type=\"widget\" data-widget_type=\"icon-box.default\">\n\t\t\t\t<div class=\"elementor-widget-container\">\n\t\t\t\t\t\t\t<div class=\"elementor-icon-box-wrapper\">\n\n\t\t\t\n\t\t\t\t\t\t<div class=\"elementor-icon-box-content\">\n\n\t\t\t\t\t\t\t\t\t<h5 class=\"elementor-icon-box-title\">\n\t\t\t\t\t\t<span  >\n\t\t\t\t\t\t\tCaf\u00e9s\t\t\t\t\t\t<\/span>\n\t\t\t\t\t<\/h5>\n\t\t\t\t\n\t\t\t\t\n\t\t\t<\/div>\n\t\t\t\n\t\t<\/div>\n\t\t\t\t\t\t<\/div>\n\t\t\t\t<\/div>\n\t\t\t\t\t<\/div>\n\t\t<\/div>\n\t\t\t\t<div class=\"elementor-column elementor-col-50 elementor-inner-column elementor-element elementor-element-48fc5cb elementor-invisible\" data-id=\"48fc5cb\" data-element_type=\"column\" data-e-type=\"column\" data-settings=\"{&quot;background_background&quot;:&quot;classic&quot;,&quot;animation&quot;:&quot;fadeInUp&quot;,&quot;animation_delay&quot;:400}\">\n\t\t\t<div class=\"elementor-widget-wrap elementor-element-populated\">\n\t\t\t\t\t<div class=\"elementor-background-overlay\"><\/div>\n\t\t\t\t\t\t<div class=\"elementor-element elementor-element-1a3d00d elementor-widget elementor-widget-image\" data-id=\"1a3d00d\" data-element_type=\"widget\" data-e-type=\"widget\" data-widget_type=\"image.default\">\n\t\t\t\t<div class=\"elementor-widget-container\">\n\t\t\t\t\t\t\t\t\t\t\t\t\t\t\t\t<a href=\"https:\/\/barpaopa.es\/wp-content\/uploads\/2025\/02\/WhatsApp-Image-2025-02-18-at-10.36.29.jpeg\" data-elementor-open-lightbox=\"yes\" data-e-action-hash=\"#elementor-action%3Aaction%3Dlightbox%26settings%3DeyJpZCI6MTI3NCwidXJsIjoiaHR0cHM6XC9cL2JhcnBhb3BhLmVzXC93cC1jb250ZW50XC91cGxvYWRzXC8yMDI1XC8wMlwvV2hhdHNBcHAtSW1hZ2UtMjAyNS0wMi0xOC1hdC0xMC4zNi4yOS5qcGVnIn0%3D\">\n\t\t\t\t\t\t\t<img decoding=\"async\" src=\"https:\/\/barpaopa.es\/wp-content\/uploads\/elementor\/thumbs\/WhatsApp-Image-2025-02-18-at-10.36.29-r1ojwyml9vxvui2d3cg6f6nmqnl738ibmomb28autk.jpeg\" title=\"\" alt=\"\" loading=\"lazy\" \/>\t\t\t\t\t\t\t\t<\/a>\n\t\t\t\t\t\t\t\t\t\t\t\t\t\t\t<\/div>\n\t\t\t\t<\/div>\n\t\t\t\t<div class=\"elementor-element elementor-element-ebb21d7 elementor-widget elementor-widget-icon-box\" data-id=\"ebb21d7\" data-element_type=\"widget\" data-e-type=\"widget\" data-widget_type=\"icon-box.default\">\n\t\t\t\t<div class=\"elementor-widget-container\">\n\t\t\t\t\t\t\t<div class=\"elementor-icon-box-wrapper\">\n\n\t\t\t\n\t\t\t\t\t\t<div class=\"elementor-icon-box-content\">\n\n\t\t\t\t\t\t\t\t\t<h5 class=\"elementor-icon-box-title\">\n\t\t\t\t\t\t<span  >\n\t\t\t\t\t\t\tTortillas\t\t\t\t\t\t<\/span>\n\t\t\t\t\t<\/h5>\n\t\t\t\t\n\t\t\t\t\n\t\t\t<\/div>\n\t\t\t\n\t\t<\/div>\n\t\t\t\t\t\t<\/div>\n\t\t\t\t<\/div>\n\t\t\t\t\t<\/div>\n\t\t<\/div>\n\t\t\t\t\t<\/div>\n\t\t<\/section>\n\t\t\t\t\t<\/div>\n\t\t<\/div>\n\t\t\t\t\t<\/div>\n\t\t<\/section>\n\t\t<div class=\"elementor-element elementor-element-9e7955c e-flex e-con-boxed e-con e-parent\" data-id=\"9e7955c\" data-element_type=\"container\" data-e-type=\"container\" data-settings=\"{&quot;background_background&quot;:&quot;classic&quot;}\">\n\t\t\t\t\t<div class=\"e-con-inner\">\n\t\t\t\t<div class=\"elementor-element elementor-element-5755003 elementor-widget elementor-widget-heading\" data-id=\"5755003\" data-element_type=\"widget\" data-e-type=\"widget\" data-widget_type=\"heading.default\">\n\t\t\t\t<div class=\"elementor-widget-container\">\n\t\t\t\t\t<h2 class=\"elementor-heading-title elementor-size-default\">Bar Paopa te invita a disfrutar de una sabrosa propuesta gastron\u00f3mica con opciones para todos los paladares. Desde un buen caf\u00e9 hasta una variedad de pinchos irresistibles: bocadillos de chorizo, jam\u00f3n york y queso, tortilla de patata, lomo a la plancha, revuelto de champi\u00f1ones, mini hamburguesas de pollo y nuestras famosas gildas de langostino. \u00a1Una experiencia para repetir!<\/h2>\t\t\t\t<\/div>\n\t\t\t\t<\/div>\n\t\t\t\t\t<\/div>\n\t\t\t\t<\/div>\n\t\t\t\t<\/div>","protected":false},"excerpt":{"rendered":"<p>Pinchos Cervezas Caf\u00e9s Tortillas Bar Paopa te invita a disfrutar de una sabrosa propuesta gastron\u00f3mica con opciones para todos los paladares. Desde un buen caf\u00e9 hasta una variedad de pinchos irresistibles: bocadillos de chorizo, jam\u00f3n york y queso, tortilla de patata, lomo a la plancha, revuelto de champi\u00f1ones, mini hamburguesas de pollo y nuestras famosas [&hellip;]<\/p>\n","protected":false},"author":3,"featured_media":0,"parent":0,"menu_order":0,"comment_status":"closed","ping_status":"closed","template":"elementor_canvas","meta":{"footnotes":""},"class_list":["post-18","page","type-page","status-publish","hentry"],"yoast_head":"<!-- This site is optimized with the Yoast SEO plugin v27.3 - https:\/\/yoast.com\/product\/yoast-seo-wordpress\/ -->\n<title>Productos - Bar Paopa<\/title>\n<meta name=\"robots\" content=\"index, follow, max-snippet:-1, max-image-preview:large, max-video-preview:-1\" \/>\n<link rel=\"canonical\" href=\"https:\/\/barpaopa.es\/eu\/productos\/\" \/>\n<meta property=\"og:locale\" content=\"en_US\" \/>\n<meta property=\"og:type\" content=\"article\" \/>\n<meta property=\"og:title\" content=\"Productos - Bar Paopa\" \/>\n<meta property=\"og:description\" content=\"Pinchos Cervezas Caf\u00e9s Tortillas Bar Paopa te invita a disfrutar de una sabrosa propuesta gastron\u00f3mica con opciones para todos los paladares. Desde un buen caf\u00e9 hasta una variedad de pinchos irresistibles: bocadillos de chorizo, jam\u00f3n york y queso, tortilla de patata, lomo a la plancha, revuelto de champi\u00f1ones, mini hamburguesas de pollo y nuestras famosas [&hellip;]\" \/>\n<meta property=\"og:url\" content=\"https:\/\/barpaopa.es\/eu\/productos\/\" \/>\n<meta property=\"og:site_name\" content=\"Bar Paopa\" \/>\n<meta property=\"article:modified_time\" content=\"2025-02-24T15:36:17+00:00\" \/>\n<meta property=\"og:image\" content=\"https:\/\/barpaopa.es\/wp-content\/uploads\/2025\/02\/3.png\" \/>\n<meta name=\"twitter:card\" content=\"summary_large_image\" \/>\n<meta name=\"twitter:label1\" content=\"Est. reading time\" \/>\n\t<meta name=\"twitter:data1\" content=\"3 minutua\" \/>\n<script type=\"application\/ld+json\" class=\"yoast-schema-graph\">{\"@context\":\"https:\\\/\\\/schema.org\",\"@graph\":[{\"@type\":\"WebPage\",\"@id\":\"https:\\\/\\\/barpaopa.es\\\/productos\\\/\",\"url\":\"https:\\\/\\\/barpaopa.es\\\/productos\\\/\",\"name\":\"Productos - Bar Paopa\",\"isPartOf\":{\"@id\":\"https:\\\/\\\/barpaopa.es\\\/#website\"},\"primaryImageOfPage\":{\"@id\":\"https:\\\/\\\/barpaopa.es\\\/productos\\\/#primaryimage\"},\"image\":{\"@id\":\"https:\\\/\\\/barpaopa.es\\\/productos\\\/#primaryimage\"},\"thumbnailUrl\":\"https:\\\/\\\/barpaopa.es\\\/wp-content\\\/uploads\\\/2025\\\/02\\\/3.png\",\"datePublished\":\"2024-10-01T09:41:33+00:00\",\"dateModified\":\"2025-02-24T15:36:17+00:00\",\"breadcrumb\":{\"@id\":\"https:\\\/\\\/barpaopa.es\\\/productos\\\/#breadcrumb\"},\"inLanguage\":\"eu\",\"potentialAction\":[{\"@type\":\"ReadAction\",\"target\":[\"https:\\\/\\\/barpaopa.es\\\/productos\\\/\"]}]},{\"@type\":\"ImageObject\",\"inLanguage\":\"eu\",\"@id\":\"https:\\\/\\\/barpaopa.es\\\/productos\\\/#primaryimage\",\"url\":\"https:\\\/\\\/barpaopa.es\\\/wp-content\\\/uploads\\\/2025\\\/02\\\/3.png\",\"contentUrl\":\"https:\\\/\\\/barpaopa.es\\\/wp-content\\\/uploads\\\/2025\\\/02\\\/3.png\"},{\"@type\":\"BreadcrumbList\",\"@id\":\"https:\\\/\\\/barpaopa.es\\\/productos\\\/#breadcrumb\",\"itemListElement\":[{\"@type\":\"ListItem\",\"position\":1,\"name\":\"Portada\",\"item\":\"https:\\\/\\\/barpaopa.es\\\/\"},{\"@type\":\"ListItem\",\"position\":2,\"name\":\"Productos\"}]},{\"@type\":\"WebSite\",\"@id\":\"https:\\\/\\\/barpaopa.es\\\/#website\",\"url\":\"https:\\\/\\\/barpaopa.es\\\/\",\"name\":\"Bar Paopa\",\"description\":\"Copas y pintxos variados\",\"publisher\":{\"@id\":\"https:\\\/\\\/barpaopa.es\\\/#organization\"},\"potentialAction\":[{\"@type\":\"SearchAction\",\"target\":{\"@type\":\"EntryPoint\",\"urlTemplate\":\"https:\\\/\\\/barpaopa.es\\\/?s={search_term_string}\"},\"query-input\":{\"@type\":\"PropertyValueSpecification\",\"valueRequired\":true,\"valueName\":\"search_term_string\"}}],\"inLanguage\":\"eu\"},{\"@type\":\"Organization\",\"@id\":\"https:\\\/\\\/barpaopa.es\\\/#organization\",\"name\":\"Bar Paopa\",\"url\":\"https:\\\/\\\/barpaopa.es\\\/\",\"logo\":{\"@type\":\"ImageObject\",\"inLanguage\":\"eu\",\"@id\":\"https:\\\/\\\/barpaopa.es\\\/#\\\/schema\\\/logo\\\/image\\\/\",\"url\":\"https:\\\/\\\/barpaopa.es\\\/wp-content\\\/uploads\\\/2025\\\/02\\\/cropped-Bar-paopa-3.png\",\"contentUrl\":\"https:\\\/\\\/barpaopa.es\\\/wp-content\\\/uploads\\\/2025\\\/02\\\/cropped-Bar-paopa-3.png\",\"width\":416,\"height\":146,\"caption\":\"Bar Paopa\"},\"image\":{\"@id\":\"https:\\\/\\\/barpaopa.es\\\/#\\\/schema\\\/logo\\\/image\\\/\"}}]}<\/script>\n<!-- \/ Yoast SEO plugin. -->","yoast_head_json":{"title":"Productos - Bar Paopa","robots":{"index":"index","follow":"follow","max-snippet":"max-snippet:-1","max-image-preview":"max-image-preview:large","max-video-preview":"max-video-preview:-1"},"canonical":"https:\/\/barpaopa.es\/eu\/productos\/","og_locale":"en_US","og_type":"article","og_title":"Productos - Bar Paopa","og_description":"Pinchos Cervezas Caf\u00e9s Tortillas Bar Paopa te invita a disfrutar de una sabrosa propuesta gastron\u00f3mica con opciones para todos los paladares. Desde un buen caf\u00e9 hasta una variedad de pinchos irresistibles: bocadillos de chorizo, jam\u00f3n york y queso, tortilla de patata, lomo a la plancha, revuelto de champi\u00f1ones, mini hamburguesas de pollo y nuestras famosas [&hellip;]","og_url":"https:\/\/barpaopa.es\/eu\/productos\/","og_site_name":"Bar Paopa","article_modified_time":"2025-02-24T15:36:17+00:00","og_image":[{"url":"https:\/\/barpaopa.es\/wp-content\/uploads\/2025\/02\/3.png","type":"","width":"","height":""}],"twitter_card":"summary_large_image","twitter_misc":{"Est. reading time":"3 minutua"},"schema":{"@context":"https:\/\/schema.org","@graph":[{"@type":"WebPage","@id":"https:\/\/barpaopa.es\/productos\/","url":"https:\/\/barpaopa.es\/productos\/","name":"Productos - Bar Paopa","isPartOf":{"@id":"https:\/\/barpaopa.es\/#website"},"primaryImageOfPage":{"@id":"https:\/\/barpaopa.es\/productos\/#primaryimage"},"image":{"@id":"https:\/\/barpaopa.es\/productos\/#primaryimage"},"thumbnailUrl":"https:\/\/barpaopa.es\/wp-content\/uploads\/2025\/02\/3.png","datePublished":"2024-10-01T09:41:33+00:00","dateModified":"2025-02-24T15:36:17+00:00","breadcrumb":{"@id":"https:\/\/barpaopa.es\/productos\/#breadcrumb"},"inLanguage":"eu","potentialAction":[{"@type":"ReadAction","target":["https:\/\/barpaopa.es\/productos\/"]}]},{"@type":"ImageObject","inLanguage":"eu","@id":"https:\/\/barpaopa.es\/productos\/#primaryimage","url":"https:\/\/barpaopa.es\/wp-content\/uploads\/2025\/02\/3.png","contentUrl":"https:\/\/barpaopa.es\/wp-content\/uploads\/2025\/02\/3.png"},{"@type":"BreadcrumbList","@id":"https:\/\/barpaopa.es\/productos\/#breadcrumb","itemListElement":[{"@type":"ListItem","position":1,"name":"Portada","item":"https:\/\/barpaopa.es\/"},{"@type":"ListItem","position":2,"name":"Productos"}]},{"@type":"WebSite","@id":"https:\/\/barpaopa.es\/#website","url":"https:\/\/barpaopa.es\/","name":"Paopa Taberna","description":"Copas y pintxos variados","publisher":{"@id":"https:\/\/barpaopa.es\/#organization"},"potentialAction":[{"@type":"SearchAction","target":{"@type":"EntryPoint","urlTemplate":"https:\/\/barpaopa.es\/?s={search_term_string}"},"query-input":{"@type":"PropertyValueSpecification","valueRequired":true,"valueName":"search_term_string"}}],"inLanguage":"eu"},{"@type":"Organization","@id":"https:\/\/barpaopa.es\/#organization","name":"Paopa Taberna","url":"https:\/\/barpaopa.es\/","logo":{"@type":"ImageObject","inLanguage":"eu","@id":"https:\/\/barpaopa.es\/#\/schema\/logo\/image\/","url":"https:\/\/barpaopa.es\/wp-content\/uploads\/2025\/02\/cropped-Bar-paopa-3.png","contentUrl":"https:\/\/barpaopa.es\/wp-content\/uploads\/2025\/02\/cropped-Bar-paopa-3.png","width":416,"height":146,"caption":"Bar Paopa"},"image":{"@id":"https:\/\/barpaopa.es\/#\/schema\/logo\/image\/"}}]}},"_links":{"self":[{"href":"https:\/\/barpaopa.es\/eu\/wp-json\/wp\/v2\/pages\/18","targetHints":{"allow":["GET"]}}],"collection":[{"href":"https:\/\/barpaopa.es\/eu\/wp-json\/wp\/v2\/pages"}],"about":[{"href":"https:\/\/barpaopa.es\/eu\/wp-json\/wp\/v2\/types\/page"}],"author":[{"embeddable":true,"href":"https:\/\/barpaopa.es\/eu\/wp-json\/wp\/v2\/users\/3"}],"replies":[{"embeddable":true,"href":"https:\/\/barpaopa.es\/eu\/wp-json\/wp\/v2\/comments?post=18"}],"version-history":[{"count":344,"href":"https:\/\/barpaopa.es\/eu\/wp-json\/wp\/v2\/pages\/18\/revisions"}],"predecessor-version":[{"id":1327,"href":"https:\/\/barpaopa.es\/eu\/wp-json\/wp\/v2\/pages\/18\/revisions\/1327"}],"wp:attachment":[{"href":"https:\/\/barpaopa.es\/eu\/wp-json\/wp\/v2\/media?parent=18"}],"curies":[{"name":"wp","href":"https:\/\/api.w.org\/{rel}","templated":true}]}}